{"id":1871,"date":"2018-09-13T16:26:53","date_gmt":"2018-09-13T20:26:53","guid":{"rendered":"https:\/\/www.dominicanproductsshop.com\/shop\/product\/dermaline-skin-lightening-cream-4oz-112g-crema-aclaradora-free-soap-brasil-japan\/"},"modified":"2022-04-05T08:33:15","modified_gmt":"2022-04-05T12:33:15","slug":"dermaline-skin-lightening-cream-4oz-112g-crema-aclaradora-free-soap-brasil-japan","status":"publish","type":"product","link":"https:\/\/www.dominicanproductsshop.com\/shop\/product\/dermaline-skin-lightening-cream-4oz-112g-crema-aclaradora-free-soap-brasil-japan\/","title":{"rendered":"Dermaline Crema aclaradora 4 oz 112 gr + Jab\u00f3n"},"content":{"rendered":"<p><strong>Dermaline crema<\/strong>\u00a0aclaradora con su base humectante, combinada con vitamina E\u00a0 y aloe vera desde su primera aplicaci\u00f3n ayuda a mejorar el cutis y resolver cualquier cambio en el tono de su piel.<\/p>\n<p>esta crema le ayudara a lucir una piel hidratada, mas suave y tersa.<\/p>\n<p><strong>Modo de uso:\u00a0<\/strong>despu\u00e9s de lavar con jab\u00f3n Dermaline apl\u00edquese Dermaline crema en el \u00e1rea deseada hasta su completa absorci\u00f3n.<\/p>\n<p><b>Jab\u00f3n<\/b><strong>\u00a0Dermaline<\/strong>\u00a0con su formula especial act\u00faa de manera eficaz y profunda, ayud\u00e1ndole a eliminar las impurezas que le impiden lucir una piel natural, suave y reluciente.<\/p>\n<p><strong>Modo de uso:\u00a0<\/strong>lave la cara con Jab\u00f3n Dermaline de manera regular, masajee suavemente con la espuma por unos segundos, luego retire y aplique crema Dermaline para mejores resultados.<\/p>\n<p>&nbsp;<\/p>\n<p><strong>Que recibes al adquirir este articulo?<\/strong><\/p>\n<p>1- Un frasco de Crema Dermaline 4 Oz y un jab\u00f3n Dermaline 2.8 Oz<\/p>\n<p>2- Codigo de rastreo para que sepa donde esta el producto todo el tiempo.<\/p>\n<p>3- El m\u00e1s r\u00e1pido tiempo de manejo ya que enviamos el pr\u00f3ximo d\u00eda laborable luego de su compra.<\/p>\n<p>4- Empaque profesional, productos sellados y cuidadosamente empacados para su protecci\u00f3n.<\/p>\n<p>5- Art\u00edculos originales desde la Republica Dominicana.<\/p>\n<p>6- Atenci\u00f3n personalizada al cliente a trav\u00e9s de nuestros medios de comunicaci\u00f3n.<\/p>\n<a class=\"synved-social-button synved-social-button-share synved-social-size-32 synved-social-resolution-single synved-social-provider-facebook nolightbox\" data-provider=\"facebook\" target=\"_blank\" rel=\"nofollow\" title=\"Share on Facebook\" href=\"http:\/\/www.facebook.com\/sharer.php?u=https%3A%2F%2Fwww.dominicanproductsshop.com%2Fshop%2Fwp-json%2Fwp%2Fv2%2Fproduct%2F1871&#038;t=Dermaline%20Crema%20aclaradora%204%20oz%20112%20gr%20%2B%20Jab%C3%B3n&#038;s=100&#038;p&#091;url&#093;=https%3A%2F%2Fwww.dominicanproductsshop.com%2Fshop%2Fwp-json%2Fwp%2Fv2%2Fproduct%2F1871&#038;p&#091;images&#093;&#091;0&#093;=https%3A%2F%2Fi0.wp.com%2Fwww.dominicanproductsshop.com%2Fshop%2Fwp-content%2Fuploads%2F2018%2F09%2Fcrema-dermaline-e1642367254354.png%3Ffit%3D397%252C284%26ssl%3D1&#038;p&#091;title&#093;=Dermaline%20Crema%20aclaradora%204%20oz%20112%20gr%20%2B%20Jab%C3%B3n\" style=\"font-size: 0px;width:32px;height:32px;margin:0;margin-bottom:5px;margin-right:5px\"><img data-recalc-dims=\"1\" loading=\"lazy\" decoding=\"async\" alt=\"Facebook\" title=\"Share on Facebook\" class=\"synved-share-image synved-social-image synved-social-image-share\" width=\"32\" height=\"32\" style=\"display: inline;width:32px;height:32px;margin: 0;padding: 0;border: none;box-shadow: none\" src=\"https:\/\/i0.wp.com\/www.dominicanproductsshop.com\/shop\/wp-content\/plugins\/social-media-feather\/synved-social\/image\/social\/regular\/64x64\/facebook.png?resize=32%2C32&#038;ssl=1\" \/><\/a><a class=\"synved-social-button synved-social-button-share synved-social-size-32 synved-social-resolution-single synved-social-provider-twitter nolightbox\" data-provider=\"twitter\" target=\"_blank\" rel=\"nofollow\" title=\"Share on Twitter\" href=\"http:\/\/twitter.com\/share?url=https%3A%2F%2Fwww.dominicanproductsshop.com%2Fshop%2Fwp-json%2Fwp%2Fv2%2Fproduct%2F1871&#038;text=Hey%20check%20this%20out\" style=\"font-size: 0px;width:32px;height:32px;margin:0;margin-bottom:5px;margin-right:5px\"><img data-recalc-dims=\"1\" loading=\"lazy\" decoding=\"async\" alt=\"twitter\" title=\"Share on Twitter\" class=\"synved-share-image synved-social-image synved-social-image-share\" width=\"32\" height=\"32\" style=\"display: inline;width:32px;height:32px;margin: 0;padding: 0;border: none;box-shadow: none\" src=\"https:\/\/i0.wp.com\/www.dominicanproductsshop.com\/shop\/wp-content\/plugins\/social-media-feather\/synved-social\/image\/social\/regular\/64x64\/twitter.png?resize=32%2C32&#038;ssl=1\" \/><\/a><a class=\"synved-social-button synved-social-button-share synved-social-size-32 synved-social-resolution-single synved-social-provider-reddit nolightbox\" data-provider=\"reddit\" target=\"_blank\" rel=\"nofollow\" title=\"Share on Reddit\" href=\"https:\/\/www.reddit.com\/submit?url=https%3A%2F%2Fwww.dominicanproductsshop.com%2Fshop%2Fwp-json%2Fwp%2Fv2%2Fproduct%2F1871&#038;title=Dermaline%20Crema%20aclaradora%204%20oz%20112%20gr%20%2B%20Jab%C3%B3n\" style=\"font-size: 0px;width:32px;height:32px;margin:0;margin-bottom:5px;margin-right:5px\"><img data-recalc-dims=\"1\" loading=\"lazy\" decoding=\"async\" alt=\"reddit\" title=\"Share on Reddit\" class=\"synved-share-image synved-social-image synved-social-image-share\" width=\"32\" height=\"32\" style=\"display: inline;width:32px;height:32px;margin: 0;padding: 0;border: none;box-shadow: none\" src=\"https:\/\/i0.wp.com\/www.dominicanproductsshop.com\/shop\/wp-content\/plugins\/social-media-feather\/synved-social\/image\/social\/regular\/64x64\/reddit.png?resize=32%2C32&#038;ssl=1\" \/><\/a><a class=\"synved-social-button synved-social-button-share synved-social-size-32 synved-social-resolution-single synved-social-provider-pinterest nolightbox\" data-provider=\"pinterest\" target=\"_blank\" rel=\"nofollow\" title=\"Pin it with Pinterest\" href=\"https:\/\/pinterest.com\/pin\/create\/button\/?url=https%3A%2F%2Fwww.dominicanproductsshop.com%2Fshop%2Fwp-json%2Fwp%2Fv2%2Fproduct%2F1871&#038;media=https%3A%2F%2Fi0.wp.com%2Fwww.dominicanproductsshop.com%2Fshop%2Fwp-content%2Fuploads%2F2018%2F09%2Fcrema-dermaline-e1642367254354.png%3Ffit%3D397%252C284%26ssl%3D1&#038;description=Dermaline%20Crema%20aclaradora%204%20oz%20112%20gr%20%2B%20Jab%C3%B3n\" style=\"font-size: 0px;width:32px;height:32px;margin:0;margin-bottom:5px;margin-right:5px\"><img data-recalc-dims=\"1\" loading=\"lazy\" decoding=\"async\" alt=\"pinterest\" title=\"Pin it with Pinterest\" class=\"synved-share-image synved-social-image synved-social-image-share\" width=\"32\" height=\"32\" style=\"display: inline;width:32px;height:32px;margin: 0;padding: 0;border: none;box-shadow: none\" src=\"https:\/\/i0.wp.com\/www.dominicanproductsshop.com\/shop\/wp-content\/plugins\/social-media-feather\/synved-social\/image\/social\/regular\/64x64\/pinterest.png?resize=32%2C32&#038;ssl=1\" \/><\/a><a class=\"synved-social-button synved-social-button-share synved-social-size-32 synved-social-resolution-single synved-social-provider-linkedin nolightbox\" data-provider=\"linkedin\" target=\"_blank\" rel=\"nofollow\" title=\"Share on Linkedin\" href=\"https:\/\/www.linkedin.com\/shareArticle?mini=true&#038;url=https%3A%2F%2Fwww.dominicanproductsshop.com%2Fshop%2Fwp-json%2Fwp%2Fv2%2Fproduct%2F1871&#038;title=Dermaline%20Crema%20aclaradora%204%20oz%20112%20gr%20%2B%20Jab%C3%B3n\" style=\"font-size: 0px;width:32px;height:32px;margin:0;margin-bottom:5px;margin-right:5px\"><img data-recalc-dims=\"1\" loading=\"lazy\" decoding=\"async\" alt=\"linkedin\" title=\"Share on Linkedin\" class=\"synved-share-image synved-social-image synved-social-image-share\" width=\"32\" height=\"32\" style=\"display: inline;width:32px;height:32px;margin: 0;padding: 0;border: none;box-shadow: none\" src=\"https:\/\/i0.wp.com\/www.dominicanproductsshop.com\/shop\/wp-content\/plugins\/social-media-feather\/synved-social\/image\/social\/regular\/64x64\/linkedin.png?resize=32%2C32&#038;ssl=1\" \/><\/a><a class=\"synved-social-button synved-social-button-share synved-social-size-32 synved-social-resolution-single synved-social-provider-tumblr nolightbox\" data-provider=\"tumblr\" target=\"_blank\" rel=\"nofollow\" title=\"Share on tumblr\" href=\"https:\/\/tumblr.com\/share?s=&#038;v=3&#038;t=Dermaline%20Crema%20aclaradora%204%20oz%20112%20gr%20%2B%20Jab%C3%B3n&#038;u=https%3A%2F%2Fwww.dominicanproductsshop.com%2Fshop%2Fwp-json%2Fwp%2Fv2%2Fproduct%2F1871\" style=\"font-size: 0px;width:32px;height:32px;margin:0;margin-bottom:5px;margin-right:5px\"><img data-recalc-dims=\"1\" loading=\"lazy\" decoding=\"async\" alt=\"tumblr\" title=\"Share on tumblr\" class=\"synved-share-image synved-social-image synved-social-image-share\" width=\"32\" height=\"32\" style=\"display: inline;width:32px;height:32px;margin: 0;padding: 0;border: none;box-shadow: none\" src=\"https:\/\/i0.wp.com\/www.dominicanproductsshop.com\/shop\/wp-content\/plugins\/social-media-feather\/synved-social\/image\/social\/regular\/64x64\/tumblr.png?resize=32%2C32&#038;ssl=1\" \/><\/a><a class=\"synved-social-button synved-social-button-share synved-social-size-32 synved-social-resolution-single synved-social-provider-mail nolightbox\" data-provider=\"mail\" rel=\"nofollow\" title=\"Share by email\" href=\"mailto:?subject=Dermaline%20Crema%20aclaradora%204%20oz%20112%20gr%20%2B%20Jab%C3%B3n&#038;body=Hey%20check%20this%20out:%20https%3A%2F%2Fwww.dominicanproductsshop.com%2Fshop%2Fwp-json%2Fwp%2Fv2%2Fproduct%2F1871\" style=\"font-size: 0px;width:32px;height:32px;margin:0;margin-bottom:5px;margin-right:5px\"><img data-recalc-dims=\"1\" loading=\"lazy\" decoding=\"async\" alt=\"mail\" title=\"Share by email\" class=\"synved-share-image synved-social-image synved-social-image-share\" width=\"32\" height=\"32\" style=\"display: inline;width:32px;height:32px;margin: 0;padding: 0;border: none;box-shadow: none\" src=\"https:\/\/i0.wp.com\/www.dominicanproductsshop.com\/shop\/wp-content\/plugins\/social-media-feather\/synved-social\/image\/social\/regular\/64x64\/mail.png?resize=32%2C32&#038;ssl=1\" \/><\/a><a class=\"synved-social-credit\" target=\"_blank\" rel=\"nofollow\" title=\"WordPress Social Media Feather\" href=\"http:\/\/synved.com\/wordpress-social-media-feather\/\" style=\"color:#444;text-decoration:none;font-size:8px;margin-left:5px;vertical-align:10px;white-space:nowrap\"><span>by <\/span><img data-recalc-dims=\"1\" loading=\"lazy\" decoding=\"async\" style=\"display: inline;margin:0;padding:0;width:16px;height:16px\" width=\"16\" height=\"16\" alt=\"feather\" src=\"https:\/\/i0.wp.com\/www.dominicanproductsshop.com\/shop\/wp-content\/plugins\/social-media-feather\/synved-social\/image\/icon.png?resize=16%2C16&#038;ssl=1\" \/><\/a>","protected":false},"excerpt":{"rendered":"<p>Dermaline crema\u00a0aclaradora con su base humectante, combinada con vitamina E\u00a0 y aloe vera desde su primera aplicaci\u00f3n ayuda a mejorar el cutis y resolver cualquier cambio en el tono de su piel. esta crema le ayudara a lucir una piel hidratada, mas suave y tersa. Modo de uso:\u00a0despu\u00e9s de lavar con jab\u00f3n Dermaline apl\u00edquese Dermaline &#8230; <span class=\"more\"><a class=\"more-link\" href=\"https:\/\/www.dominicanproductsshop.com\/shop\/product\/dermaline-skin-lightening-cream-4oz-112g-crema-aclaradora-free-soap-brasil-japan\/\">[Read more&#8230;]<\/a><\/span><\/p>\n","protected":false},"featured_media":123365291817,"comment_status":"open","ping_status":"closed","template":"","meta":{"jetpack_post_was_ever_published":false,"jetpack_publicize_message":"","jetpack_publicize_feature_enabled":true,"jetpack_social_post_already_shared":true,"jetpack_social_options":{"image_generator_settings":{"template":"highway","default_image_id":0,"font":"","enabled":false},"version":2}},"product_brand":[],"product_cat":[96,95,275,93,94,304],"product_tag":[190,207,208,188,191,305,194,195,211,306,189,307],"woo-feed-brand":[],"class_list":{"0":"entry","1":"product","2":"publish","3":"author-admin","4":"post-1871","6":"has-post-thumbnail","7":"product_cat-combo","8":"product_cat-cream","9":"product_cat-cremas-blanqueadoras","10":"product_cat-dermaline","11":"product_cat-soap","12":"product_cat-laboratorios-contifarma","13":"product_post_tag-blancoderma","14":"product_post_tag-blancoderma-avena","15":"product_post_tag-blancoderma-oat","16":"product_post_tag-blancoderma-whitening-cream","17":"product_post_tag-blncoderma-aloe-vera-sabila","18":"product_post_tag-crema-aclaradora","19":"product_post_tag-crema-blanqueadora","20":"product_post_tag-crema-blanqueadora-blancoderma-sabila-aloe-vera","21":"product_post_tag-crema-santa","22":"product_post_tag-dermaline","23":"product_post_tag-lightening-cream","24":"product_post_tag-miss-key-blanqueadora","26":"first","27":"instock","28":"sale","29":"shipping-taxable","30":"purchasable","31":"product-type-simple"},"aioseo_notices":[],"jetpack_publicize_connections":[],"jetpack_sharing_enabled":true,"jetpack-related-posts":[],"jetpack_likes_enabled":true,"post_mailing_queue_ids":[],"_links":{"self":[{"href":"https:\/\/www.dominicanproductsshop.com\/shop\/wp-json\/wp\/v2\/product\/1871","targetHints":{"allow":["GET"]}}],"collection":[{"href":"https:\/\/www.dominicanproductsshop.com\/shop\/wp-json\/wp\/v2\/product"}],"about":[{"href":"https:\/\/www.dominicanproductsshop.com\/shop\/wp-json\/wp\/v2\/types\/product"}],"replies":[{"embeddable":true,"href":"https:\/\/www.dominicanproductsshop.com\/shop\/wp-json\/wp\/v2\/comments?post=1871"}],"wp:featuredmedia":[{"embeddable":true,"href":"https:\/\/www.dominicanproductsshop.com\/shop\/wp-json\/wp\/v2\/media\/123365291817"}],"wp:attachment":[{"href":"https:\/\/www.dominicanproductsshop.com\/shop\/wp-json\/wp\/v2\/media?parent=1871"}],"wp:term":[{"taxonomy":"product_brand","embeddable":true,"href":"https:\/\/www.dominicanproductsshop.com\/shop\/wp-json\/wp\/v2\/product_brand?post=1871"},{"taxonomy":"product_cat","embeddable":true,"href":"https:\/\/www.dominicanproductsshop.com\/shop\/wp-json\/wp\/v2\/product_cat?post=1871"},{"taxonomy":"product_tag","embeddable":true,"href":"https:\/\/www.dominicanproductsshop.com\/shop\/wp-json\/wp\/v2\/product_tag?post=1871"},{"taxonomy":"woo-feed-brand","embeddable":true,"href":"https:\/\/www.dominicanproductsshop.com\/shop\/wp-json\/wp\/v2\/woo-feed-brand?post=1871"}],"curies":[{"name":"wp","href":"https:\/\/api.w.org\/{rel}","templated":true}]}}