{"id":1776,"date":"2018-09-13T16:26:09","date_gmt":"2018-09-13T20:26:09","guid":{"rendered":"https:\/\/www.dominicanproductsshop.com\/shop\/product\/liso-boe-oil-based-cream-hair-relaxer-8-oz-super-strenght-brazil-japan-europe\/"},"modified":"2025-04-15T06:46:17","modified_gmt":"2025-04-15T10:46:17","slug":"liso-boe-oil-based-cream-hair-relaxer-8-oz-super-strenght-brazil-japan-europe","status":"publish","type":"product","link":"https:\/\/www.dominicanproductsshop.com\/shop\/product\/liso-boe-oil-based-cream-hair-relaxer-8-oz-super-strenght-brazil-japan-europe\/","title":{"rendered":"Lisobo\u00e9 \u2013 Alisado Profesional para Cabello Rizado o Rebelde (8.5 oz)"},"content":{"rendered":"<p class=\"\" data-start=\"365\" data-end=\"664\">\u00bfSue\u00f1as con un cabello liso, brillante y suave por m\u00e1s tiempo?<br data-start=\"427\" data-end=\"430\" \/><strong data-start=\"430\" data-end=\"448\">Liso Bo\u00e9 Super<\/strong> es tu aliado ideal para lograr un alisado duradero sin maltratar tu melena. Dise\u00f1ado especialmente para cabello rizado, ondulado o rebelde, este tratamiento ofrece resultados de sal\u00f3n desde la comodidad de tu hogar.<\/p>\n<p class=\"\" data-start=\"666\" data-end=\"681\"><strong data-start=\"666\" data-end=\"681\">Beneficios:<\/strong><\/p>\n<ul data-start=\"683\" data-end=\"862\">\n<li class=\"\" data-start=\"683\" data-end=\"721\">\n<p class=\"\" data-start=\"685\" data-end=\"721\">Alisado intenso y de larga duraci\u00f3n.<\/p>\n<\/li>\n<li class=\"\" data-start=\"722\" data-end=\"769\">\n<p class=\"\" data-start=\"724\" data-end=\"769\">Suaviza la textura del cabello sin resecarlo.<\/p>\n<\/li>\n<li class=\"\" data-start=\"770\" data-end=\"821\">\n<p class=\"\" data-start=\"772\" data-end=\"821\">F\u00f3rmula profesional con ingredientes protectores.<\/p>\n<\/li>\n<li class=\"\" data-start=\"822\" data-end=\"862\">\n<p class=\"\" data-start=\"824\" data-end=\"862\">Ideal para cabello dif\u00edcil de manejar.<\/p>\n<\/li>\n<\/ul>\n<p class=\"\" data-start=\"864\" data-end=\"880\"><strong data-start=\"864\" data-end=\"880\">Modo de uso:<\/strong><\/p>\n<ol data-start=\"882\" data-end=\"1086\">\n<li class=\"\" data-start=\"882\" data-end=\"922\">\n<p class=\"\" data-start=\"885\" data-end=\"922\">Lava el cabello con un champ\u00fa neutro.<\/p>\n<\/li>\n<li class=\"\" data-start=\"923\" data-end=\"969\">\n<p class=\"\" data-start=\"926\" data-end=\"969\">Aplica el producto sobre el cabello h\u00famedo.<\/p>\n<\/li>\n<li class=\"\" data-start=\"970\" data-end=\"1047\">\n<p class=\"\" data-start=\"973\" data-end=\"1047\">D\u00e9jalo actuar seg\u00fan el tipo de cabello (ver instrucciones en la etiqueta).<\/p>\n<\/li>\n<li class=\"\" data-start=\"1048\" data-end=\"1086\">\n<p class=\"\" data-start=\"1051\" data-end=\"1086\">Enjuaga y procede con el planchado.<\/p>\n<\/li>\n<\/ol>\n<p class=\"\" data-start=\"1088\" data-end=\"1172\"><strong data-start=\"1088\" data-end=\"1114\">Contenido del empaque:<\/strong><br data-start=\"1114\" data-end=\"1117\" \/>Bote de 8.5 oz (250 ml) de crema alisadora profesional.<\/p>\n<p class=\"\" data-start=\"1174\" data-end=\"1279\"><strong data-start=\"1174\" data-end=\"1219\">Env\u00edos r\u00e1pidos a EE.UU., Canad\u00e1 y Europa.<\/strong><br data-start=\"1219\" data-end=\"1222\" \/><strong data-start=\"1222\" data-end=\"1279\">Pago 100% seguro y atenci\u00f3n al cliente personalizada.<\/strong><\/p>\n<a class=\"synved-social-button synved-social-button-share synved-social-size-32 synved-social-resolution-single synved-social-provider-facebook nolightbox\" data-provider=\"facebook\" target=\"_blank\" rel=\"nofollow\" title=\"Share on Facebook\" href=\"http:\/\/www.facebook.com\/sharer.php?u=https%3A%2F%2Fwww.dominicanproductsshop.com%2Fshop%2Fwp-json%2Fwp%2Fv2%2Fproduct%2F1776&#038;t=Lisobo%C3%A9%20%E2%80%93%20Alisado%20Profesional%20para%20Cabello%20Rizado%20o%20Rebelde%20%288.5%20oz%29&#038;s=100&#038;p&#091;url&#093;=https%3A%2F%2Fwww.dominicanproductsshop.com%2Fshop%2Fwp-json%2Fwp%2Fv2%2Fproduct%2F1776&#038;p&#091;images&#093;&#091;0&#093;=https%3A%2F%2Fi0.wp.com%2Fwww.dominicanproductsshop.com%2Fshop%2Fwp-content%2Fuploads%2F2018%2F09%2Fs-l500-1.jpg%3Ffit%3D375%252C500%26ssl%3D1&#038;p&#091;title&#093;=Lisobo%C3%A9%20%E2%80%93%20Alisado%20Profesional%20para%20Cabello%20Rizado%20o%20Rebelde%20%288.5%20oz%29\" style=\"font-size: 0px;width:32px;height:32px;margin:0;margin-bottom:5px;margin-right:5px\"><img data-recalc-dims=\"1\" loading=\"lazy\" decoding=\"async\" alt=\"Facebook\" title=\"Share on Facebook\" class=\"synved-share-image synved-social-image synved-social-image-share\" width=\"32\" height=\"32\" style=\"display: inline;width:32px;height:32px;margin: 0;padding: 0;border: none;box-shadow: none\" src=\"https:\/\/i0.wp.com\/www.dominicanproductsshop.com\/shop\/wp-content\/plugins\/social-media-feather\/synved-social\/image\/social\/regular\/64x64\/facebook.png?resize=32%2C32&#038;ssl=1\" \/><\/a><a class=\"synved-social-button synved-social-button-share synved-social-size-32 synved-social-resolution-single synved-social-provider-twitter nolightbox\" data-provider=\"twitter\" target=\"_blank\" rel=\"nofollow\" title=\"Share on Twitter\" href=\"http:\/\/twitter.com\/share?url=https%3A%2F%2Fwww.dominicanproductsshop.com%2Fshop%2Fwp-json%2Fwp%2Fv2%2Fproduct%2F1776&#038;text=Hey%20check%20this%20out\" style=\"font-size: 0px;width:32px;height:32px;margin:0;margin-bottom:5px;margin-right:5px\"><img data-recalc-dims=\"1\" loading=\"lazy\" decoding=\"async\" alt=\"twitter\" title=\"Share on Twitter\" class=\"synved-share-image synved-social-image synved-social-image-share\" width=\"32\" height=\"32\" style=\"display: inline;width:32px;height:32px;margin: 0;padding: 0;border: none;box-shadow: none\" src=\"https:\/\/i0.wp.com\/www.dominicanproductsshop.com\/shop\/wp-content\/plugins\/social-media-feather\/synved-social\/image\/social\/regular\/64x64\/twitter.png?resize=32%2C32&#038;ssl=1\" \/><\/a><a class=\"synved-social-button synved-social-button-share synved-social-size-32 synved-social-resolution-single synved-social-provider-reddit nolightbox\" data-provider=\"reddit\" target=\"_blank\" rel=\"nofollow\" title=\"Share on Reddit\" href=\"https:\/\/www.reddit.com\/submit?url=https%3A%2F%2Fwww.dominicanproductsshop.com%2Fshop%2Fwp-json%2Fwp%2Fv2%2Fproduct%2F1776&#038;title=Lisobo%C3%A9%20%E2%80%93%20Alisado%20Profesional%20para%20Cabello%20Rizado%20o%20Rebelde%20%288.5%20oz%29\" style=\"font-size: 0px;width:32px;height:32px;margin:0;margin-bottom:5px;margin-right:5px\"><img data-recalc-dims=\"1\" loading=\"lazy\" decoding=\"async\" alt=\"reddit\" title=\"Share on Reddit\" class=\"synved-share-image synved-social-image synved-social-image-share\" width=\"32\" height=\"32\" style=\"display: inline;width:32px;height:32px;margin: 0;padding: 0;border: none;box-shadow: none\" src=\"https:\/\/i0.wp.com\/www.dominicanproductsshop.com\/shop\/wp-content\/plugins\/social-media-feather\/synved-social\/image\/social\/regular\/64x64\/reddit.png?resize=32%2C32&#038;ssl=1\" \/><\/a><a class=\"synved-social-button synved-social-button-share synved-social-size-32 synved-social-resolution-single synved-social-provider-pinterest nolightbox\" data-provider=\"pinterest\" target=\"_blank\" rel=\"nofollow\" title=\"Pin it with Pinterest\" href=\"https:\/\/pinterest.com\/pin\/create\/button\/?url=https%3A%2F%2Fwww.dominicanproductsshop.com%2Fshop%2Fwp-json%2Fwp%2Fv2%2Fproduct%2F1776&#038;media=https%3A%2F%2Fi0.wp.com%2Fwww.dominicanproductsshop.com%2Fshop%2Fwp-content%2Fuploads%2F2018%2F09%2Fs-l500-1.jpg%3Ffit%3D375%252C500%26ssl%3D1&#038;description=Lisobo%C3%A9%20%E2%80%93%20Alisado%20Profesional%20para%20Cabello%20Rizado%20o%20Rebelde%20%288.5%20oz%29\" style=\"font-size: 0px;width:32px;height:32px;margin:0;margin-bottom:5px;margin-right:5px\"><img data-recalc-dims=\"1\" loading=\"lazy\" decoding=\"async\" alt=\"pinterest\" title=\"Pin it with Pinterest\" class=\"synved-share-image synved-social-image synved-social-image-share\" width=\"32\" height=\"32\" style=\"display: inline;width:32px;height:32px;margin: 0;padding: 0;border: none;box-shadow: none\" src=\"https:\/\/i0.wp.com\/www.dominicanproductsshop.com\/shop\/wp-content\/plugins\/social-media-feather\/synved-social\/image\/social\/regular\/64x64\/pinterest.png?resize=32%2C32&#038;ssl=1\" \/><\/a><a class=\"synved-social-button synved-social-button-share synved-social-size-32 synved-social-resolution-single synved-social-provider-linkedin nolightbox\" data-provider=\"linkedin\" target=\"_blank\" rel=\"nofollow\" title=\"Share on Linkedin\" href=\"https:\/\/www.linkedin.com\/shareArticle?mini=true&#038;url=https%3A%2F%2Fwww.dominicanproductsshop.com%2Fshop%2Fwp-json%2Fwp%2Fv2%2Fproduct%2F1776&#038;title=Lisobo%C3%A9%20%E2%80%93%20Alisado%20Profesional%20para%20Cabello%20Rizado%20o%20Rebelde%20%288.5%20oz%29\" style=\"font-size: 0px;width:32px;height:32px;margin:0;margin-bottom:5px;margin-right:5px\"><img data-recalc-dims=\"1\" loading=\"lazy\" decoding=\"async\" alt=\"linkedin\" title=\"Share on Linkedin\" class=\"synved-share-image synved-social-image synved-social-image-share\" width=\"32\" height=\"32\" style=\"display: inline;width:32px;height:32px;margin: 0;padding: 0;border: none;box-shadow: none\" src=\"https:\/\/i0.wp.com\/www.dominicanproductsshop.com\/shop\/wp-content\/plugins\/social-media-feather\/synved-social\/image\/social\/regular\/64x64\/linkedin.png?resize=32%2C32&#038;ssl=1\" \/><\/a><a class=\"synved-social-button synved-social-button-share synved-social-size-32 synved-social-resolution-single synved-social-provider-tumblr nolightbox\" data-provider=\"tumblr\" target=\"_blank\" rel=\"nofollow\" title=\"Share on tumblr\" href=\"https:\/\/tumblr.com\/share?s=&#038;v=3&#038;t=Lisobo%C3%A9%20%E2%80%93%20Alisado%20Profesional%20para%20Cabello%20Rizado%20o%20Rebelde%20%288.5%20oz%29&#038;u=https%3A%2F%2Fwww.dominicanproductsshop.com%2Fshop%2Fwp-json%2Fwp%2Fv2%2Fproduct%2F1776\" style=\"font-size: 0px;width:32px;height:32px;margin:0;margin-bottom:5px;margin-right:5px\"><img data-recalc-dims=\"1\" loading=\"lazy\" decoding=\"async\" alt=\"tumblr\" title=\"Share on tumblr\" class=\"synved-share-image synved-social-image synved-social-image-share\" width=\"32\" height=\"32\" style=\"display: inline;width:32px;height:32px;margin: 0;padding: 0;border: none;box-shadow: none\" src=\"https:\/\/i0.wp.com\/www.dominicanproductsshop.com\/shop\/wp-content\/plugins\/social-media-feather\/synved-social\/image\/social\/regular\/64x64\/tumblr.png?resize=32%2C32&#038;ssl=1\" \/><\/a><a class=\"synved-social-button synved-social-button-share synved-social-size-32 synved-social-resolution-single synved-social-provider-mail nolightbox\" data-provider=\"mail\" rel=\"nofollow\" title=\"Share by email\" href=\"mailto:?subject=Lisobo%C3%A9%20%E2%80%93%20Alisado%20Profesional%20para%20Cabello%20Rizado%20o%20Rebelde%20%288.5%20oz%29&#038;body=Hey%20check%20this%20out:%20https%3A%2F%2Fwww.dominicanproductsshop.com%2Fshop%2Fwp-json%2Fwp%2Fv2%2Fproduct%2F1776\" style=\"font-size: 0px;width:32px;height:32px;margin:0;margin-bottom:5px;margin-right:5px\"><img data-recalc-dims=\"1\" loading=\"lazy\" decoding=\"async\" alt=\"mail\" title=\"Share by email\" class=\"synved-share-image synved-social-image synved-social-image-share\" width=\"32\" height=\"32\" style=\"display: inline;width:32px;height:32px;margin: 0;padding: 0;border: none;box-shadow: none\" src=\"https:\/\/i0.wp.com\/www.dominicanproductsshop.com\/shop\/wp-content\/plugins\/social-media-feather\/synved-social\/image\/social\/regular\/64x64\/mail.png?resize=32%2C32&#038;ssl=1\" \/><\/a><a class=\"synved-social-credit\" target=\"_blank\" rel=\"nofollow\" title=\"WordPress Social Media Feather\" href=\"http:\/\/synved.com\/wordpress-social-media-feather\/\" style=\"color:#444;text-decoration:none;font-size:8px;margin-left:5px;vertical-align:10px;white-space:nowrap\"><span>by <\/span><img data-recalc-dims=\"1\" loading=\"lazy\" decoding=\"async\" style=\"display: inline;margin:0;padding:0;width:16px;height:16px\" width=\"16\" height=\"16\" alt=\"feather\" src=\"https:\/\/i0.wp.com\/www.dominicanproductsshop.com\/shop\/wp-content\/plugins\/social-media-feather\/synved-social\/image\/icon.png?resize=16%2C16&#038;ssl=1\" \/><\/a>","protected":false},"excerpt":{"rendered":"<p>\u00bfSue\u00f1as con un cabello liso, brillante y suave por m\u00e1s tiempo?Liso Bo\u00e9 Super es tu aliado ideal para lograr un alisado duradero sin maltratar tu melena. Dise\u00f1ado especialmente para cabello rizado, ondulado o rebelde, este tratamiento ofrece resultados de sal\u00f3n desde la comodidad de tu hogar. Beneficios: Alisado intenso y de larga duraci\u00f3n. Suaviza la &#8230; <span class=\"more\"><a class=\"more-link\" href=\"https:\/\/www.dominicanproductsshop.com\/shop\/product\/liso-boe-oil-based-cream-hair-relaxer-8-oz-super-strenght-brazil-japan-europe\/\">[Read more&#8230;]<\/a><\/span><\/p>\n","protected":false},"featured_media":123365294084,"comment_status":"open","ping_status":"closed","template":"","meta":{"jetpack_post_was_ever_published":false,"jetpack_publicize_message":"Lisobo\u00e9 \u2013 Alisado Profesional para Cabello Rizado o Rebelde (8.5 oz)","jetpack_publicize_feature_enabled":true,"jetpack_social_post_already_shared":true,"jetpack_social_options":{"image_generator_settings":{"template":"highway","default_image_id":0,"font":"","enabled":false},"version":2}},"product_brand":[],"product_cat":[245],"product_tag":[],"woo-feed-brand":[],"class_list":{"0":"entry","1":"product","2":"publish","3":"author-admin","4":"post-1776","6":"has-post-thumbnail","7":"product_cat-alisadores-y-desrizadores","9":"first","10":"instock","11":"sale","12":"shipping-taxable","13":"purchasable","14":"product-type-simple"},"aioseo_notices":[],"jetpack_publicize_connections":[],"jetpack_sharing_enabled":true,"jetpack-related-posts":[],"jetpack_likes_enabled":true,"post_mailing_queue_ids":[],"_links":{"self":[{"href":"https:\/\/www.dominicanproductsshop.com\/shop\/wp-json\/wp\/v2\/product\/1776","targetHints":{"allow":["GET"]}}],"collection":[{"href":"https:\/\/www.dominicanproductsshop.com\/shop\/wp-json\/wp\/v2\/product"}],"about":[{"href":"https:\/\/www.dominicanproductsshop.com\/shop\/wp-json\/wp\/v2\/types\/product"}],"replies":[{"embeddable":true,"href":"https:\/\/www.dominicanproductsshop.com\/shop\/wp-json\/wp\/v2\/comments?post=1776"}],"wp:featuredmedia":[{"embeddable":true,"href":"https:\/\/www.dominicanproductsshop.com\/shop\/wp-json\/wp\/v2\/media\/123365294084"}],"wp:attachment":[{"href":"https:\/\/www.dominicanproductsshop.com\/shop\/wp-json\/wp\/v2\/media?parent=1776"}],"wp:term":[{"taxonomy":"product_brand","embeddable":true,"href":"https:\/\/www.dominicanproductsshop.com\/shop\/wp-json\/wp\/v2\/product_brand?post=1776"},{"taxonomy":"product_cat","embeddable":true,"href":"https:\/\/www.dominicanproductsshop.com\/shop\/wp-json\/wp\/v2\/product_cat?post=1776"},{"taxonomy":"product_tag","embeddable":true,"href":"https:\/\/www.dominicanproductsshop.com\/shop\/wp-json\/wp\/v2\/product_tag?post=1776"},{"taxonomy":"woo-feed-brand","embeddable":true,"href":"https:\/\/www.dominicanproductsshop.com\/shop\/wp-json\/wp\/v2\/woo-feed-brand?post=1776"}],"curies":[{"name":"wp","href":"https:\/\/api.w.org\/{rel}","templated":true}]}}