{"id":1550,"date":"2018-08-22T00:12:04","date_gmt":"2018-08-22T04:12:04","guid":{"rendered":"http:\/\/www.dominicanproductsshop.com\/shop\/?post_type=product&#038;p=1550"},"modified":"2022-04-05T08:33:29","modified_gmt":"2022-04-05T12:33:29","slug":"3-pack-2-friccilicont-1-mega-friccion-ointment-unguento-10-oz-diclofenac-10-grams-rheumatic-arthritis-sciatica-pain","status":"publish","type":"product","link":"https:\/\/www.dominicanproductsshop.com\/shop\/product\/3-pack-2-friccilicont-1-mega-friccion-ointment-unguento-10-oz-diclofenac-10-grams-rheumatic-arthritis-sciatica-pain\/","title":{"rendered":"Friccilicont Mega Fricci\u00f3n 10 oz 3 botellas"},"content":{"rendered":"<p>&nbsp;<\/p>\n<p>Friccilicont Mega fricci\u00f3n son la mejor mezcla contra los dolores que se puede lograr.<\/p>\n<p>Friccilicont es eficaz contra dolores musculares, artritis, reumatismo, dolores de espalda, lumbalgias, golpes, torceduras, calambres, dolores garganta, dolores de cabeza, picaduras de insectos y ci\u00e1tica.<\/p>\n<p>Mega Fricci\u00f3n disminuye localmente los signos y s\u00edntomas de la inflamaci\u00f3n como son: el dolor, la coloraci\u00f3n, el calor y la hinchaz\u00f3n provocado por traumas o golpes de diferentes forma como suceden en el deporte, los ejercicios f\u00edsicos y en otras actividades diarias.<\/p>\n<p>alivia tambi\u00e9n los signos y s\u00edntomas inflamatorios locales de las enfermedades degenerativas reum\u00e1ticas en sus estados agudos y cr\u00f3nicos.<\/p>\n<p>estimula la circulaci\u00f3n sangu\u00ednea local reduciendo el tiempo de permanencia de los hematomas y la acumulaci\u00f3n de l\u00edquidos propios de los procesos inflamatorios.<\/p>\n<p>&nbsp;<\/p>\n<p><strong>Que recibes al adquirir este articulo?<\/strong><\/p>\n<p>1- 2 botellas de\u00a0 <strong>Friccilicont<\/strong> 10 Oz y 1 botella de <strong>Mega Fricci\u00f3n<\/strong>\u00a010\u00a0Oz<\/p>\n<p>2- Codigo de rastreo para que sepa donde esta el producto todo el tiempo.<\/p>\n<p>3- El m\u00e1s r\u00e1pido tiempo de manejo ya que enviamos el pr\u00f3ximo d\u00eda laborable luego de su compra.<\/p>\n<p>4- Empaque profesional, productos sellados y cuidadosamente empacados para su protecci\u00f3n.<\/p>\n<p>5- Art\u00edculos originales desde la Republica Dominicana.<\/p>\n<p>6- Atenci\u00f3n personalizada al cliente a trav\u00e9s de nuestros medios de comunicaci\u00f3n.<\/p>\n<a class=\"synved-social-button synved-social-button-share synved-social-size-32 synved-social-resolution-single synved-social-provider-facebook nolightbox\" data-provider=\"facebook\" target=\"_blank\" rel=\"nofollow\" title=\"Share on Facebook\" href=\"http:\/\/www.facebook.com\/sharer.php?u=https%3A%2F%2Fwww.dominicanproductsshop.com%2Fshop%2Fwp-json%2Fwp%2Fv2%2Fproduct%2F1550&#038;t=Friccilicont%20Mega%20Fricci%C3%B3n%2010%20oz%203%20botellas&#038;s=100&#038;p&#091;url&#093;=https%3A%2F%2Fwww.dominicanproductsshop.com%2Fshop%2Fwp-json%2Fwp%2Fv2%2Fproduct%2F1550&#038;p&#091;images&#093;&#091;0&#093;=https%3A%2F%2Fi0.wp.com%2Fwww.dominicanproductsshop.com%2Fshop%2Fwp-content%2Fuploads%2F2018%2F08%2F20180115_083939.jpg%3Ffit%3D576%252C678%26ssl%3D1&#038;p&#091;title&#093;=Friccilicont%20Mega%20Fricci%C3%B3n%2010%20oz%203%20botellas\" style=\"font-size: 0px;width:32px;height:32px;margin:0;margin-bottom:5px;margin-right:5px\"><img data-recalc-dims=\"1\" loading=\"lazy\" decoding=\"async\" alt=\"Facebook\" title=\"Share on Facebook\" class=\"synved-share-image synved-social-image synved-social-image-share\" width=\"32\" height=\"32\" style=\"display: inline;width:32px;height:32px;margin: 0;padding: 0;border: none;box-shadow: none\" src=\"https:\/\/i0.wp.com\/www.dominicanproductsshop.com\/shop\/wp-content\/plugins\/social-media-feather\/synved-social\/image\/social\/regular\/64x64\/facebook.png?resize=32%2C32&#038;ssl=1\" \/><\/a><a class=\"synved-social-button synved-social-button-share synved-social-size-32 synved-social-resolution-single synved-social-provider-twitter nolightbox\" data-provider=\"twitter\" target=\"_blank\" rel=\"nofollow\" title=\"Share on Twitter\" href=\"http:\/\/twitter.com\/share?url=https%3A%2F%2Fwww.dominicanproductsshop.com%2Fshop%2Fwp-json%2Fwp%2Fv2%2Fproduct%2F1550&#038;text=Hey%20check%20this%20out\" style=\"font-size: 0px;width:32px;height:32px;margin:0;margin-bottom:5px;margin-right:5px\"><img data-recalc-dims=\"1\" loading=\"lazy\" decoding=\"async\" alt=\"twitter\" title=\"Share on Twitter\" class=\"synved-share-image synved-social-image synved-social-image-share\" width=\"32\" height=\"32\" style=\"display: inline;width:32px;height:32px;margin: 0;padding: 0;border: none;box-shadow: none\" src=\"https:\/\/i0.wp.com\/www.dominicanproductsshop.com\/shop\/wp-content\/plugins\/social-media-feather\/synved-social\/image\/social\/regular\/64x64\/twitter.png?resize=32%2C32&#038;ssl=1\" \/><\/a><a class=\"synved-social-button synved-social-button-share synved-social-size-32 synved-social-resolution-single synved-social-provider-reddit nolightbox\" data-provider=\"reddit\" target=\"_blank\" rel=\"nofollow\" title=\"Share on Reddit\" href=\"https:\/\/www.reddit.com\/submit?url=https%3A%2F%2Fwww.dominicanproductsshop.com%2Fshop%2Fwp-json%2Fwp%2Fv2%2Fproduct%2F1550&#038;title=Friccilicont%20Mega%20Fricci%C3%B3n%2010%20oz%203%20botellas\" style=\"font-size: 0px;width:32px;height:32px;margin:0;margin-bottom:5px;margin-right:5px\"><img data-recalc-dims=\"1\" loading=\"lazy\" decoding=\"async\" alt=\"reddit\" title=\"Share on Reddit\" class=\"synved-share-image synved-social-image synved-social-image-share\" width=\"32\" height=\"32\" style=\"display: inline;width:32px;height:32px;margin: 0;padding: 0;border: none;box-shadow: none\" src=\"https:\/\/i0.wp.com\/www.dominicanproductsshop.com\/shop\/wp-content\/plugins\/social-media-feather\/synved-social\/image\/social\/regular\/64x64\/reddit.png?resize=32%2C32&#038;ssl=1\" \/><\/a><a class=\"synved-social-button synved-social-button-share synved-social-size-32 synved-social-resolution-single synved-social-provider-pinterest nolightbox\" data-provider=\"pinterest\" target=\"_blank\" rel=\"nofollow\" title=\"Pin it with Pinterest\" href=\"https:\/\/pinterest.com\/pin\/create\/button\/?url=https%3A%2F%2Fwww.dominicanproductsshop.com%2Fshop%2Fwp-json%2Fwp%2Fv2%2Fproduct%2F1550&#038;media=https%3A%2F%2Fi0.wp.com%2Fwww.dominicanproductsshop.com%2Fshop%2Fwp-content%2Fuploads%2F2018%2F08%2F20180115_083939.jpg%3Ffit%3D576%252C678%26ssl%3D1&#038;description=Friccilicont%20Mega%20Fricci%C3%B3n%2010%20oz%203%20botellas\" style=\"font-size: 0px;width:32px;height:32px;margin:0;margin-bottom:5px;margin-right:5px\"><img data-recalc-dims=\"1\" loading=\"lazy\" decoding=\"async\" alt=\"pinterest\" title=\"Pin it with Pinterest\" class=\"synved-share-image synved-social-image synved-social-image-share\" width=\"32\" height=\"32\" style=\"display: inline;width:32px;height:32px;margin: 0;padding: 0;border: none;box-shadow: none\" src=\"https:\/\/i0.wp.com\/www.dominicanproductsshop.com\/shop\/wp-content\/plugins\/social-media-feather\/synved-social\/image\/social\/regular\/64x64\/pinterest.png?resize=32%2C32&#038;ssl=1\" \/><\/a><a class=\"synved-social-button synved-social-button-share synved-social-size-32 synved-social-resolution-single synved-social-provider-linkedin nolightbox\" data-provider=\"linkedin\" target=\"_blank\" rel=\"nofollow\" title=\"Share on Linkedin\" href=\"https:\/\/www.linkedin.com\/shareArticle?mini=true&#038;url=https%3A%2F%2Fwww.dominicanproductsshop.com%2Fshop%2Fwp-json%2Fwp%2Fv2%2Fproduct%2F1550&#038;title=Friccilicont%20Mega%20Fricci%C3%B3n%2010%20oz%203%20botellas\" style=\"font-size: 0px;width:32px;height:32px;margin:0;margin-bottom:5px;margin-right:5px\"><img data-recalc-dims=\"1\" loading=\"lazy\" decoding=\"async\" alt=\"linkedin\" title=\"Share on Linkedin\" class=\"synved-share-image synved-social-image synved-social-image-share\" width=\"32\" height=\"32\" style=\"display: inline;width:32px;height:32px;margin: 0;padding: 0;border: none;box-shadow: none\" src=\"https:\/\/i0.wp.com\/www.dominicanproductsshop.com\/shop\/wp-content\/plugins\/social-media-feather\/synved-social\/image\/social\/regular\/64x64\/linkedin.png?resize=32%2C32&#038;ssl=1\" \/><\/a><a class=\"synved-social-button synved-social-button-share synved-social-size-32 synved-social-resolution-single synved-social-provider-tumblr nolightbox\" data-provider=\"tumblr\" target=\"_blank\" rel=\"nofollow\" title=\"Share on tumblr\" href=\"https:\/\/tumblr.com\/share?s=&#038;v=3&#038;t=Friccilicont%20Mega%20Fricci%C3%B3n%2010%20oz%203%20botellas&#038;u=https%3A%2F%2Fwww.dominicanproductsshop.com%2Fshop%2Fwp-json%2Fwp%2Fv2%2Fproduct%2F1550\" style=\"font-size: 0px;width:32px;height:32px;margin:0;margin-bottom:5px;margin-right:5px\"><img data-recalc-dims=\"1\" loading=\"lazy\" decoding=\"async\" alt=\"tumblr\" title=\"Share on tumblr\" class=\"synved-share-image synved-social-image synved-social-image-share\" width=\"32\" height=\"32\" style=\"display: inline;width:32px;height:32px;margin: 0;padding: 0;border: none;box-shadow: none\" src=\"https:\/\/i0.wp.com\/www.dominicanproductsshop.com\/shop\/wp-content\/plugins\/social-media-feather\/synved-social\/image\/social\/regular\/64x64\/tumblr.png?resize=32%2C32&#038;ssl=1\" \/><\/a><a class=\"synved-social-button synved-social-button-share synved-social-size-32 synved-social-resolution-single synved-social-provider-mail nolightbox\" data-provider=\"mail\" rel=\"nofollow\" title=\"Share by email\" href=\"mailto:?subject=Friccilicont%20Mega%20Fricci%C3%B3n%2010%20oz%203%20botellas&#038;body=Hey%20check%20this%20out:%20https%3A%2F%2Fwww.dominicanproductsshop.com%2Fshop%2Fwp-json%2Fwp%2Fv2%2Fproduct%2F1550\" style=\"font-size: 0px;width:32px;height:32px;margin:0;margin-bottom:5px;margin-right:5px\"><img data-recalc-dims=\"1\" loading=\"lazy\" decoding=\"async\" alt=\"mail\" title=\"Share by email\" class=\"synved-share-image synved-social-image synved-social-image-share\" width=\"32\" height=\"32\" style=\"display: inline;width:32px;height:32px;margin: 0;padding: 0;border: none;box-shadow: none\" src=\"https:\/\/i0.wp.com\/www.dominicanproductsshop.com\/shop\/wp-content\/plugins\/social-media-feather\/synved-social\/image\/social\/regular\/64x64\/mail.png?resize=32%2C32&#038;ssl=1\" \/><\/a><a class=\"synved-social-credit\" target=\"_blank\" rel=\"nofollow\" title=\"WordPress Social Media Feather\" href=\"http:\/\/synved.com\/wordpress-social-media-feather\/\" style=\"color:#444;text-decoration:none;font-size:8px;margin-left:5px;vertical-align:10px;white-space:nowrap\"><span>by <\/span><img data-recalc-dims=\"1\" loading=\"lazy\" decoding=\"async\" style=\"display: inline;margin:0;padding:0;width:16px;height:16px\" width=\"16\" height=\"16\" alt=\"feather\" src=\"https:\/\/i0.wp.com\/www.dominicanproductsshop.com\/shop\/wp-content\/plugins\/social-media-feather\/synved-social\/image\/icon.png?resize=16%2C16&#038;ssl=1\" \/><\/a>","protected":false},"excerpt":{"rendered":"<p>&nbsp; Friccilicont Mega fricci\u00f3n son la mejor mezcla contra los dolores que se puede lograr. Friccilicont es eficaz contra dolores musculares, artritis, reumatismo, dolores de espalda, lumbalgias, golpes, torceduras, calambres, dolores garganta, dolores de cabeza, picaduras de insectos y ci\u00e1tica. Mega Fricci\u00f3n disminuye localmente los signos y s\u00edntomas de la inflamaci\u00f3n como son: el dolor, &#8230; <span class=\"more\"><a class=\"more-link\" href=\"https:\/\/www.dominicanproductsshop.com\/shop\/product\/3-pack-2-friccilicont-1-mega-friccion-ointment-unguento-10-oz-diclofenac-10-grams-rheumatic-arthritis-sciatica-pain\/\">[Read more&#8230;]<\/a><\/span><\/p>\n","protected":false},"featured_media":123365291726,"comment_status":"open","ping_status":"closed","template":"","meta":{"jetpack_post_was_ever_published":false,"jetpack_publicize_message":"","jetpack_publicize_feature_enabled":true,"jetpack_social_post_already_shared":true,"jetpack_social_options":{"image_generator_settings":{"template":"highway","default_image_id":0,"font":"","enabled":false},"version":2}},"product_brand":[],"product_cat":[218,290,220],"product_tag":[300,297,303,296,299,295,298,302,301],"woo-feed-brand":[],"class_list":{"0":"entry","1":"product","2":"publish","3":"author-admin","4":"post-1550","6":"has-post-thumbnail","7":"product_cat-friccilicont","8":"product_cat-labocont-industrial","9":"product_cat-mega-friccion","10":"product_post_tag-artritis","11":"product_post_tag-ciatica","12":"product_post_tag-diclofenac","13":"product_post_tag-dolor-de-espaldas","14":"product_post_tag-dolores-musculares","15":"product_post_tag-friccilicont","16":"product_post_tag-nervio-ciatico","17":"product_post_tag-reumatico","18":"product_post_tag-reumatismo","20":"first","21":"instock","22":"sale","23":"shipping-taxable","24":"purchasable","25":"product-type-simple"},"aioseo_notices":[],"jetpack_publicize_connections":[],"jetpack_sharing_enabled":true,"jetpack-related-posts":[],"jetpack_likes_enabled":true,"post_mailing_queue_ids":[],"_links":{"self":[{"href":"https:\/\/www.dominicanproductsshop.com\/shop\/wp-json\/wp\/v2\/product\/1550","targetHints":{"allow":["GET"]}}],"collection":[{"href":"https:\/\/www.dominicanproductsshop.com\/shop\/wp-json\/wp\/v2\/product"}],"about":[{"href":"https:\/\/www.dominicanproductsshop.com\/shop\/wp-json\/wp\/v2\/types\/product"}],"replies":[{"embeddable":true,"href":"https:\/\/www.dominicanproductsshop.com\/shop\/wp-json\/wp\/v2\/comments?post=1550"}],"wp:featuredmedia":[{"embeddable":true,"href":"https:\/\/www.dominicanproductsshop.com\/shop\/wp-json\/wp\/v2\/media\/123365291726"}],"wp:attachment":[{"href":"https:\/\/www.dominicanproductsshop.com\/shop\/wp-json\/wp\/v2\/media?parent=1550"}],"wp:term":[{"taxonomy":"product_brand","embeddable":true,"href":"https:\/\/www.dominicanproductsshop.com\/shop\/wp-json\/wp\/v2\/product_brand?post=1550"},{"taxonomy":"product_cat","embeddable":true,"href":"https:\/\/www.dominicanproductsshop.com\/shop\/wp-json\/wp\/v2\/product_cat?post=1550"},{"taxonomy":"product_tag","embeddable":true,"href":"https:\/\/www.dominicanproductsshop.com\/shop\/wp-json\/wp\/v2\/product_tag?post=1550"},{"taxonomy":"woo-feed-brand","embeddable":true,"href":"https:\/\/www.dominicanproductsshop.com\/shop\/wp-json\/wp\/v2\/woo-feed-brand?post=1550"}],"curies":[{"name":"wp","href":"https:\/\/api.w.org\/{rel}","templated":true}]}}