{"id":123365293829,"date":"2022-09-23T00:16:10","date_gmt":"2022-09-23T04:16:10","guid":{"rendered":"https:\/\/www.dominicanproductsshop.com\/shop\/?post_type=product&#038;p=123365293829"},"modified":"2022-09-23T00:16:10","modified_gmt":"2022-09-23T04:16:10","slug":"crema-slendering-6-5-oz-dady-slim-miss-key-crema-adelgazante-unisex","status":"publish","type":"product","link":"https:\/\/www.dominicanproductsshop.com\/shop\/product\/crema-slendering-6-5-oz-dady-slim-miss-key-crema-adelgazante-unisex\/","title":{"rendered":"Crema SLENDERING 6.5 oz DADY Slim Miss Key Crema ADELGAZANTE Unisex"},"content":{"rendered":"<p><span style=\"font-weight: 400;\">MISS KEY &#8211; DADY SLIM &#8211; CREMA SLENDERING 6.5 0Z. &#8211; CREMA DIRECCIONES ADELGAZANTE: Aplica la crema de lijado Dady con un movimiento circular sobre las zonas que deseas reducir en tu cuerpo. Esta crema ha sido especialmente formulada para una r\u00e1pida absorci\u00f3n en el \u00e1rea aplicada, dejando su piel con una sensaci\u00f3n suave y fresca agradable. &#8212;&#8212;&#8212;&#8212;&#8212;&#8212;&#8212;&#8212;&#8212;&#8212;&#8212;&#8212;&#8212;&#8212; MODO DE USO: Aplique la Crema Adelgazante Dady, masajeando de forma circular la parte del cuerpo que desee reducir. Esta crema es formulada especialmente para una r\u00e1pida absorci\u00f3n en el \u00e1rea aplicada, dejando su piel con una agradable sensaci\u00f3n de frescura y suavidad. Fabricado en Rep\u00fablica Dominicana.<\/span><\/p>\n<p><strong><em><u>WHAT YOU GET WHEN YOU BUY THIS ITEM<\/u><\/em><\/strong><\/p>\n<p>1-\u00a0<strong>\u00a0 \u00a0 \u00a0 \u00a0<\/strong><strong>Crema SLENDERING 6.5 oz DADY Slim Miss Key Crema ADELGAZANTE Unisex<\/strong><\/p>\n<p><strong>+ \u00a0 \u00a0\u00a0THE FASTEST HANDLING TIME : WE SHIP ON THE NEXT BUSSINESS DAY.<\/strong><\/p>\n<p><strong>2-\u00a0\u00a0\u00a0\u00a0\u00a0\u00a0TRACKING CODE\/ RASTREAMENTO TO KNOW WHERE IS YOUR ITEM AT ANYTIME.<\/strong><\/p>\n<p><strong>3-\u00a0\u00a0\u00a0\u00a0\u00a0\u00a0PROFESSIONAL PACKING: SEALED PRODUCTS AND CAREFUL PACKAGING TO PROTECT ITEMS.<\/strong><\/p>\n<p><strong>4-\u00a0\u00a0\u00a0\u00a0\u00a0\u00a0ORIGINAL ITEMS FROM THE DOMINICAN REPUBLIC.<\/strong><\/p>\n<p><strong>5-\u00a0\u00a0\u00a0\u00a0\u00a0\u00a0PERSONAL CUSTOMER ATTENTION, YOU CAN CONTACT US WHEN YOU WANT.<\/strong><\/p>\n<p><strong><em><u>SHIPPING TIME<\/u><\/em><\/strong><\/p>\n<p>&nbsp;<\/p>\n<p><strong>1-\u00a0\u00a0\u00a0\u00a0\u00a0\u00a0IT USUALLY SHIP<\/strong><strong>S IN 3 WEEKS FOR : USA, CANADA.<\/strong><\/p>\n<a class=\"synved-social-button synved-social-button-share synved-social-size-32 synved-social-resolution-single synved-social-provider-facebook nolightbox\" data-provider=\"facebook\" target=\"_blank\" rel=\"nofollow\" title=\"Share on Facebook\" href=\"http:\/\/www.facebook.com\/sharer.php?u=https%3A%2F%2Fwww.dominicanproductsshop.com%2Fshop%2Fwp-json%2Fwp%2Fv2%2Fproduct%2F123365293829&#038;t=Crema%20SLENDERING%206.5%20oz%20DADY%20Slim%20Miss%20Key%20Crema%20ADELGAZANTE%20Unisex&#038;s=100&#038;p&#091;url&#093;=https%3A%2F%2Fwww.dominicanproductsshop.com%2Fshop%2Fwp-json%2Fwp%2Fv2%2Fproduct%2F123365293829&#038;p&#091;images&#093;&#091;0&#093;=https%3A%2F%2Fi0.wp.com%2Fwww.dominicanproductsshop.com%2Fshop%2Fwp-content%2Fuploads%2F2022%2F09%2FScreenshot_1-69.png%3Ffit%3D1276%252C1192%26ssl%3D1&#038;p&#091;title&#093;=Crema%20SLENDERING%206.5%20oz%20DADY%20Slim%20Miss%20Key%20Crema%20ADELGAZANTE%20Unisex\" style=\"font-size: 0px;width:32px;height:32px;margin:0;margin-bottom:5px;margin-right:5px\"><img data-recalc-dims=\"1\" loading=\"lazy\" decoding=\"async\" alt=\"Facebook\" title=\"Share on Facebook\" class=\"synved-share-image synved-social-image synved-social-image-share\" width=\"32\" height=\"32\" style=\"display: inline;width:32px;height:32px;margin: 0;padding: 0;border: none;box-shadow: none\" src=\"https:\/\/i0.wp.com\/www.dominicanproductsshop.com\/shop\/wp-content\/plugins\/social-media-feather\/synved-social\/image\/social\/regular\/64x64\/facebook.png?resize=32%2C32&#038;ssl=1\" \/><\/a><a class=\"synved-social-button synved-social-button-share synved-social-size-32 synved-social-resolution-single synved-social-provider-twitter nolightbox\" data-provider=\"twitter\" target=\"_blank\" rel=\"nofollow\" title=\"Share on Twitter\" href=\"http:\/\/twitter.com\/share?url=https%3A%2F%2Fwww.dominicanproductsshop.com%2Fshop%2Fwp-json%2Fwp%2Fv2%2Fproduct%2F123365293829&#038;text=Hey%20check%20this%20out\" style=\"font-size: 0px;width:32px;height:32px;margin:0;margin-bottom:5px;margin-right:5px\"><img data-recalc-dims=\"1\" loading=\"lazy\" decoding=\"async\" alt=\"twitter\" title=\"Share on Twitter\" class=\"synved-share-image synved-social-image synved-social-image-share\" width=\"32\" height=\"32\" style=\"display: inline;width:32px;height:32px;margin: 0;padding: 0;border: none;box-shadow: none\" src=\"https:\/\/i0.wp.com\/www.dominicanproductsshop.com\/shop\/wp-content\/plugins\/social-media-feather\/synved-social\/image\/social\/regular\/64x64\/twitter.png?resize=32%2C32&#038;ssl=1\" \/><\/a><a class=\"synved-social-button synved-social-button-share synved-social-size-32 synved-social-resolution-single synved-social-provider-reddit nolightbox\" data-provider=\"reddit\" target=\"_blank\" rel=\"nofollow\" title=\"Share on Reddit\" href=\"https:\/\/www.reddit.com\/submit?url=https%3A%2F%2Fwww.dominicanproductsshop.com%2Fshop%2Fwp-json%2Fwp%2Fv2%2Fproduct%2F123365293829&#038;title=Crema%20SLENDERING%206.5%20oz%20DADY%20Slim%20Miss%20Key%20Crema%20ADELGAZANTE%20Unisex\" style=\"font-size: 0px;width:32px;height:32px;margin:0;margin-bottom:5px;margin-right:5px\"><img data-recalc-dims=\"1\" loading=\"lazy\" decoding=\"async\" alt=\"reddit\" title=\"Share on Reddit\" class=\"synved-share-image synved-social-image synved-social-image-share\" width=\"32\" height=\"32\" style=\"display: inline;width:32px;height:32px;margin: 0;padding: 0;border: none;box-shadow: none\" src=\"https:\/\/i0.wp.com\/www.dominicanproductsshop.com\/shop\/wp-content\/plugins\/social-media-feather\/synved-social\/image\/social\/regular\/64x64\/reddit.png?resize=32%2C32&#038;ssl=1\" \/><\/a><a class=\"synved-social-button synved-social-button-share synved-social-size-32 synved-social-resolution-single synved-social-provider-pinterest nolightbox\" data-provider=\"pinterest\" target=\"_blank\" rel=\"nofollow\" title=\"Pin it with Pinterest\" href=\"https:\/\/pinterest.com\/pin\/create\/button\/?url=https%3A%2F%2Fwww.dominicanproductsshop.com%2Fshop%2Fwp-json%2Fwp%2Fv2%2Fproduct%2F123365293829&#038;media=https%3A%2F%2Fi0.wp.com%2Fwww.dominicanproductsshop.com%2Fshop%2Fwp-content%2Fuploads%2F2022%2F09%2FScreenshot_1-69.png%3Ffit%3D1276%252C1192%26ssl%3D1&#038;description=Crema%20SLENDERING%206.5%20oz%20DADY%20Slim%20Miss%20Key%20Crema%20ADELGAZANTE%20Unisex\" style=\"font-size: 0px;width:32px;height:32px;margin:0;margin-bottom:5px;margin-right:5px\"><img data-recalc-dims=\"1\" loading=\"lazy\" decoding=\"async\" alt=\"pinterest\" title=\"Pin it with Pinterest\" class=\"synved-share-image synved-social-image synved-social-image-share\" width=\"32\" height=\"32\" style=\"display: inline;width:32px;height:32px;margin: 0;padding: 0;border: none;box-shadow: none\" src=\"https:\/\/i0.wp.com\/www.dominicanproductsshop.com\/shop\/wp-content\/plugins\/social-media-feather\/synved-social\/image\/social\/regular\/64x64\/pinterest.png?resize=32%2C32&#038;ssl=1\" \/><\/a><a class=\"synved-social-button synved-social-button-share synved-social-size-32 synved-social-resolution-single synved-social-provider-linkedin nolightbox\" data-provider=\"linkedin\" target=\"_blank\" rel=\"nofollow\" title=\"Share on Linkedin\" href=\"https:\/\/www.linkedin.com\/shareArticle?mini=true&#038;url=https%3A%2F%2Fwww.dominicanproductsshop.com%2Fshop%2Fwp-json%2Fwp%2Fv2%2Fproduct%2F123365293829&#038;title=Crema%20SLENDERING%206.5%20oz%20DADY%20Slim%20Miss%20Key%20Crema%20ADELGAZANTE%20Unisex\" style=\"font-size: 0px;width:32px;height:32px;margin:0;margin-bottom:5px;margin-right:5px\"><img data-recalc-dims=\"1\" loading=\"lazy\" decoding=\"async\" alt=\"linkedin\" title=\"Share on Linkedin\" class=\"synved-share-image synved-social-image synved-social-image-share\" width=\"32\" height=\"32\" style=\"display: inline;width:32px;height:32px;margin: 0;padding: 0;border: none;box-shadow: none\" src=\"https:\/\/i0.wp.com\/www.dominicanproductsshop.com\/shop\/wp-content\/plugins\/social-media-feather\/synved-social\/image\/social\/regular\/64x64\/linkedin.png?resize=32%2C32&#038;ssl=1\" \/><\/a><a class=\"synved-social-button synved-social-button-share synved-social-size-32 synved-social-resolution-single synved-social-provider-tumblr nolightbox\" data-provider=\"tumblr\" target=\"_blank\" rel=\"nofollow\" title=\"Share on tumblr\" href=\"https:\/\/tumblr.com\/share?s=&#038;v=3&#038;t=Crema%20SLENDERING%206.5%20oz%20DADY%20Slim%20Miss%20Key%20Crema%20ADELGAZANTE%20Unisex&#038;u=https%3A%2F%2Fwww.dominicanproductsshop.com%2Fshop%2Fwp-json%2Fwp%2Fv2%2Fproduct%2F123365293829\" style=\"font-size: 0px;width:32px;height:32px;margin:0;margin-bottom:5px;margin-right:5px\"><img data-recalc-dims=\"1\" loading=\"lazy\" decoding=\"async\" alt=\"tumblr\" title=\"Share on tumblr\" class=\"synved-share-image synved-social-image synved-social-image-share\" width=\"32\" height=\"32\" style=\"display: inline;width:32px;height:32px;margin: 0;padding: 0;border: none;box-shadow: none\" src=\"https:\/\/i0.wp.com\/www.dominicanproductsshop.com\/shop\/wp-content\/plugins\/social-media-feather\/synved-social\/image\/social\/regular\/64x64\/tumblr.png?resize=32%2C32&#038;ssl=1\" \/><\/a><a class=\"synved-social-button synved-social-button-share synved-social-size-32 synved-social-resolution-single synved-social-provider-mail nolightbox\" data-provider=\"mail\" rel=\"nofollow\" title=\"Share by email\" href=\"mailto:?subject=Crema%20SLENDERING%206.5%20oz%20DADY%20Slim%20Miss%20Key%20Crema%20ADELGAZANTE%20Unisex&#038;body=Hey%20check%20this%20out:%20https%3A%2F%2Fwww.dominicanproductsshop.com%2Fshop%2Fwp-json%2Fwp%2Fv2%2Fproduct%2F123365293829\" style=\"font-size: 0px;width:32px;height:32px;margin:0;margin-bottom:5px;margin-right:5px\"><img data-recalc-dims=\"1\" loading=\"lazy\" decoding=\"async\" alt=\"mail\" title=\"Share by email\" class=\"synved-share-image synved-social-image synved-social-image-share\" width=\"32\" height=\"32\" style=\"display: inline;width:32px;height:32px;margin: 0;padding: 0;border: none;box-shadow: none\" src=\"https:\/\/i0.wp.com\/www.dominicanproductsshop.com\/shop\/wp-content\/plugins\/social-media-feather\/synved-social\/image\/social\/regular\/64x64\/mail.png?resize=32%2C32&#038;ssl=1\" \/><\/a><a class=\"synved-social-credit\" target=\"_blank\" rel=\"nofollow\" title=\"WordPress Social Media Feather\" href=\"http:\/\/synved.com\/wordpress-social-media-feather\/\" style=\"color:#444;text-decoration:none;font-size:8px;margin-left:5px;vertical-align:10px;white-space:nowrap\"><span>by <\/span><img data-recalc-dims=\"1\" loading=\"lazy\" decoding=\"async\" style=\"display: inline;margin:0;padding:0;width:16px;height:16px\" width=\"16\" height=\"16\" alt=\"feather\" src=\"https:\/\/i0.wp.com\/www.dominicanproductsshop.com\/shop\/wp-content\/plugins\/social-media-feather\/synved-social\/image\/icon.png?resize=16%2C16&#038;ssl=1\" \/><\/a>","protected":false},"excerpt":{"rendered":"<p>MISS KEY &#8211; DADY SLIM &#8211; CREMA SLENDERING 6.5 0Z. &#8211; CREMA DIRECCIONES ADELGAZANTE: Aplica la crema de lijado Dady con un movimiento circular sobre las zonas que deseas reducir en tu cuerpo. Esta crema ha sido especialmente formulada para una r\u00e1pida absorci\u00f3n en el \u00e1rea aplicada, dejando su piel con una sensaci\u00f3n suave y &#8230; <span class=\"more\"><a class=\"more-link\" href=\"https:\/\/www.dominicanproductsshop.com\/shop\/product\/crema-slendering-6-5-oz-dady-slim-miss-key-crema-adelgazante-unisex\/\">[Read more&#8230;]<\/a><\/span><\/p>\n","protected":false},"featured_media":123365293835,"comment_status":"open","ping_status":"closed","template":"","meta":{"jetpack_post_was_ever_published":false,"jetpack_publicize_message":"","jetpack_publicize_feature_enabled":true,"jetpack_social_post_already_shared":true,"jetpack_social_options":{"image_generator_settings":{"template":"highway","default_image_id":0,"font":"","enabled":false},"version":2}},"product_brand":[],"product_cat":[232],"product_tag":[],"woo-feed-brand":[],"class_list":{"0":"entry","1":"product","2":"publish","3":"author-admin","4":"post-123365293829","6":"has-post-thumbnail","7":"product_cat-miss-key","9":"first","10":"instock","11":"sale","12":"shipping-taxable","13":"purchasable","14":"product-type-simple"},"aioseo_notices":[],"jetpack_publicize_connections":[],"jetpack_sharing_enabled":true,"jetpack-related-posts":[],"jetpack_likes_enabled":true,"post_mailing_queue_ids":[],"_links":{"self":[{"href":"https:\/\/www.dominicanproductsshop.com\/shop\/wp-json\/wp\/v2\/product\/123365293829","targetHints":{"allow":["GET"]}}],"collection":[{"href":"https:\/\/www.dominicanproductsshop.com\/shop\/wp-json\/wp\/v2\/product"}],"about":[{"href":"https:\/\/www.dominicanproductsshop.com\/shop\/wp-json\/wp\/v2\/types\/product"}],"replies":[{"embeddable":true,"href":"https:\/\/www.dominicanproductsshop.com\/shop\/wp-json\/wp\/v2\/comments?post=123365293829"}],"wp:featuredmedia":[{"embeddable":true,"href":"https:\/\/www.dominicanproductsshop.com\/shop\/wp-json\/wp\/v2\/media\/123365293835"}],"wp:attachment":[{"href":"https:\/\/www.dominicanproductsshop.com\/shop\/wp-json\/wp\/v2\/media?parent=123365293829"}],"wp:term":[{"taxonomy":"product_brand","embeddable":true,"href":"https:\/\/www.dominicanproductsshop.com\/shop\/wp-json\/wp\/v2\/product_brand?post=123365293829"},{"taxonomy":"product_cat","embeddable":true,"href":"https:\/\/www.dominicanproductsshop.com\/shop\/wp-json\/wp\/v2\/product_cat?post=123365293829"},{"taxonomy":"product_tag","embeddable":true,"href":"https:\/\/www.dominicanproductsshop.com\/shop\/wp-json\/wp\/v2\/product_tag?post=123365293829"},{"taxonomy":"woo-feed-brand","embeddable":true,"href":"https:\/\/www.dominicanproductsshop.com\/shop\/wp-json\/wp\/v2\/woo-feed-brand?post=123365293829"}],"curies":[{"name":"wp","href":"https:\/\/api.w.org\/{rel}","templated":true}]}}