{"id":123365293664,"date":"2022-09-16T19:55:10","date_gmt":"2022-09-16T23:55:10","guid":{"rendered":"https:\/\/www.dominicanproductsshop.com\/shop\/?post_type=product&#038;p=123365293664"},"modified":"2022-09-16T19:55:11","modified_gmt":"2022-09-16T23:55:11","slug":"monte-real-dominicana-a-tierra-cafe-cafe-organico-1-libras-454-gramos-bolsa-de-europa","status":"publish","type":"product","link":"https:\/\/www.dominicanproductsshop.com\/shop\/product\/monte-real-dominicana-a-tierra-cafe-cafe-organico-1-libras-454-gramos-bolsa-de-europa\/","title":{"rendered":"Monte Real dominicana a tierra Caf\u00e9 Caf\u00e9 Org\u00e1nico 1 libras 454 Gramos Bolsa De Europa"},"content":{"rendered":"<p><strong>WELCOME DEAR CUSTOMERS<\/strong><\/p>\n<p><strong>Monte Real coffee<\/strong><strong>\u00a0is a combination of the best and selected Coffees Beans produced in the Dominican Republic.<\/strong><\/p>\n<p><strong>On the east side of Hispaniola island in the Caribbean Sea, on the slopes of Sierra Bahoruco (up to 1500 m height), about 250 kg of \u00abSanto Domingo Barahona AA\u00bb coffee per hectare (2471 acres) are cultivated.\u00a0<\/strong><\/p>\n<p><strong>This coffee, 100 % Arabic quality, washed, of very hight level and special perfection, is for its nature sweet and very creamy. Extraordinarily fine with a pleasant and just perceptible sour taste it is incomparable for its persistence and aroma. Its very low rate of caffeine (0,8 &#8211; 0,9%) is peculiar.<\/strong><\/p>\n<p><strong>\u00a0<\/strong><\/p>\n<p><strong><u>MORE DETAILS<\/u><\/strong>:<\/p>\n<p>Coffee from The Dominican Republic is great for roasting dark, developing a sweet,<\/p>\n<p>Hard-candy taste without the bitterness of many dark-roast coffees.<\/p>\n<p>Always Fresh!! Shipped directly from the manufacturer, using the most recent production available.<\/p>\n<p>&nbsp;<\/p>\n<p><strong><u>Certified Organic by OKO GARANTIE BCS from Germany<\/u><\/strong><\/p>\n<p><span style=\"color: #ff0000;\"><strong><em><u>WHAT YOU GET WHEN YOU BUY THIS ITEM<\/u><\/em><\/strong><\/span><\/p>\n<p><span style=\"color: #ff0000;\">1-\u00a0<strong>\u00a0 \u00a0 \u00a0 \u00a0<\/strong><strong>\u00a01 POUND OF SANTO DOMINGO GROUNDED COFFEE<\/strong><\/span><\/p>\n<p><span style=\"color: #ff0000;\"><strong>+ \u00a0 \u00a0\u00a0THE FASTEST HANDLING TIME : WE SHIP ON THE NEXT BUSSINESS DAY.<\/strong><\/span><\/p>\n<p><span style=\"color: #ff0000;\"><strong>2-\u00a0\u00a0\u00a0\u00a0\u00a0\u00a0TRACKING CODE\/ RASTREAMENTO TO KNOW WHERE IS YOUR ITEM AT ANYTIME.<\/strong><\/span><\/p>\n<p><span style=\"color: #ff0000;\"><strong>3-\u00a0\u00a0\u00a0\u00a0\u00a0\u00a0PROFESSIONAL PACKING: SEALED PRODUCTS AND CAREFUL PACKAGING TO PROTECT ITEMS.<\/strong><\/span><\/p>\n<p><span style=\"color: #ff0000;\"><strong>4-\u00a0\u00a0\u00a0\u00a0\u00a0\u00a0ORIGINAL ITEMS FROM THE DOMINICAN REPUBLIC.<\/strong><\/span><\/p>\n<p><span style=\"color: #ff0000;\"><strong>5-\u00a0\u00a0\u00a0\u00a0\u00a0\u00a0PERSONAL CUSTOMER ATTENTION, YOU CAN CONTACT US WHEN YOU WANT.<\/strong><\/span><\/p>\n<p><span style=\"color: #ff0000;\"><strong><em><u>SHIPPING TIME<\/u><\/em><\/strong><\/span><\/p>\n<p><span style=\"color: #ff0000;\"><strong>1-\u00a0\u00a0\u00a0\u00a0\u00a0\u00a0IT USUALLY SHIPS IN 3 WEEKS FOR : USA, CANADA.<\/strong><\/span><\/p>\n<p><span style=\"color: #ff0000;\"><strong>2-\u00a0\u00a0\u00a0\u00a0\u00a0\u00a0IT USUALLY SHIPS IN 5 WEEKS FOR :EUROPE, JAPAN AND BRASIL BUT WE HAVE CUSTOMERS WHICH HAVE RECEIVED THEIR ITEMS IN 12 DAYS, SO IT VARIES DEPENDING ON THE REGION OF THE COUNTRY YOU LIVE.<\/strong><\/span><\/p>\n<p><span style=\"color: #ff0000;\"><strong>3-\u00a0\u00a0\u00a0\u00a0\u00a0\u00a0SOMETIMES THE CUSTOMS OF YOUR COUNTRY MAKES SOME INSPECTIONS WHICH CAN DELAY DELIVERY, ITS OUT OF OUR HANDS.<\/strong><\/span><\/p>\n<p><span style=\"color: #ff0000;\"><strong>\u00a0<\/strong><\/span><\/p>\n<p><span style=\"color: #ff0000;\"><strong><em><u>*PLEASE REMEMBER TO ADD US AS A FAVORITE SELLER<\/u><\/em><\/strong><\/span><\/p>\n<p><span style=\"color: #ff0000;\"><strong>*<u>PLEASE SEE OUR OTHER ITEMS CLICKING ON THIS LINK, \u00a0HERE YOU CAN SEE BUY IT NOW OPTIONS FOR THIS AND OTHER PRODUCTS, THANKS FOR VISITING US.<\/u><\/strong><\/span><\/p>\n<p><span style=\"color: #ff0000;\"><strong>THANK YOU FOR VISITING, TRUSTING AND BUYING WITH US<\/strong><\/span><\/p>\n<p><span style=\"color: #ff0000;\"><strong>DOMINICANPRODUCTSBESTSELLER<\/strong><\/span><\/p>\n<p><span style=\"color: #ff0000;\">ALL ITEMS ARE ORIGINAL FROM THE DOMINICAN REPUBLIC<\/span><\/p>\n<p style=\"font-weight: 400;\"><span style=\"color: #ff0000;\">WE SHIP AS PHYSICAL PERSON<\/span><\/p>\n<a class=\"synved-social-button synved-social-button-share synved-social-size-32 synved-social-resolution-single synved-social-provider-facebook nolightbox\" data-provider=\"facebook\" target=\"_blank\" rel=\"nofollow\" title=\"Share on Facebook\" href=\"http:\/\/www.facebook.com\/sharer.php?u=https%3A%2F%2Fwww.dominicanproductsshop.com%2Fshop%2Fwp-json%2Fwp%2Fv2%2Fproduct%2F123365293664&#038;t=Monte%20Real%20dominicana%20a%20tierra%20Caf%C3%A9%20Caf%C3%A9%20Org%C3%A1nico%201%20libras%20454%20Gramos%20Bolsa%20De%20Europa&#038;s=100&#038;p&#091;url&#093;=https%3A%2F%2Fwww.dominicanproductsshop.com%2Fshop%2Fwp-json%2Fwp%2Fv2%2Fproduct%2F123365293664&#038;p&#091;images&#093;&#091;0&#093;=https%3A%2F%2Fi0.wp.com%2Fwww.dominicanproductsshop.com%2Fshop%2Fwp-content%2Fuploads%2F2022%2F09%2FScreenshot_1-11.png%3Ffit%3D1276%252C1192%26ssl%3D1&#038;p&#091;title&#093;=Monte%20Real%20dominicana%20a%20tierra%20Caf%C3%A9%20Caf%C3%A9%20Org%C3%A1nico%201%20libras%20454%20Gramos%20Bolsa%20De%20Europa\" style=\"font-size: 0px;width:32px;height:32px;margin:0;margin-bottom:5px;margin-right:5px\"><img data-recalc-dims=\"1\" loading=\"lazy\" decoding=\"async\" alt=\"Facebook\" title=\"Share on Facebook\" class=\"synved-share-image synved-social-image synved-social-image-share\" width=\"32\" height=\"32\" style=\"display: inline;width:32px;height:32px;margin: 0;padding: 0;border: none;box-shadow: none\" src=\"https:\/\/i0.wp.com\/www.dominicanproductsshop.com\/shop\/wp-content\/plugins\/social-media-feather\/synved-social\/image\/social\/regular\/64x64\/facebook.png?resize=32%2C32&#038;ssl=1\" \/><\/a><a class=\"synved-social-button synved-social-button-share synved-social-size-32 synved-social-resolution-single synved-social-provider-twitter nolightbox\" data-provider=\"twitter\" target=\"_blank\" rel=\"nofollow\" title=\"Share on Twitter\" href=\"http:\/\/twitter.com\/share?url=https%3A%2F%2Fwww.dominicanproductsshop.com%2Fshop%2Fwp-json%2Fwp%2Fv2%2Fproduct%2F123365293664&#038;text=Hey%20check%20this%20out\" style=\"font-size: 0px;width:32px;height:32px;margin:0;margin-bottom:5px;margin-right:5px\"><img data-recalc-dims=\"1\" loading=\"lazy\" decoding=\"async\" alt=\"twitter\" title=\"Share on Twitter\" class=\"synved-share-image synved-social-image synved-social-image-share\" width=\"32\" height=\"32\" style=\"display: inline;width:32px;height:32px;margin: 0;padding: 0;border: none;box-shadow: none\" src=\"https:\/\/i0.wp.com\/www.dominicanproductsshop.com\/shop\/wp-content\/plugins\/social-media-feather\/synved-social\/image\/social\/regular\/64x64\/twitter.png?resize=32%2C32&#038;ssl=1\" \/><\/a><a class=\"synved-social-button synved-social-button-share synved-social-size-32 synved-social-resolution-single synved-social-provider-reddit nolightbox\" data-provider=\"reddit\" target=\"_blank\" rel=\"nofollow\" title=\"Share on Reddit\" href=\"https:\/\/www.reddit.com\/submit?url=https%3A%2F%2Fwww.dominicanproductsshop.com%2Fshop%2Fwp-json%2Fwp%2Fv2%2Fproduct%2F123365293664&#038;title=Monte%20Real%20dominicana%20a%20tierra%20Caf%C3%A9%20Caf%C3%A9%20Org%C3%A1nico%201%20libras%20454%20Gramos%20Bolsa%20De%20Europa\" style=\"font-size: 0px;width:32px;height:32px;margin:0;margin-bottom:5px;margin-right:5px\"><img data-recalc-dims=\"1\" loading=\"lazy\" decoding=\"async\" alt=\"reddit\" title=\"Share on Reddit\" class=\"synved-share-image synved-social-image synved-social-image-share\" width=\"32\" height=\"32\" style=\"display: inline;width:32px;height:32px;margin: 0;padding: 0;border: none;box-shadow: none\" src=\"https:\/\/i0.wp.com\/www.dominicanproductsshop.com\/shop\/wp-content\/plugins\/social-media-feather\/synved-social\/image\/social\/regular\/64x64\/reddit.png?resize=32%2C32&#038;ssl=1\" \/><\/a><a class=\"synved-social-button synved-social-button-share synved-social-size-32 synved-social-resolution-single synved-social-provider-pinterest nolightbox\" data-provider=\"pinterest\" target=\"_blank\" rel=\"nofollow\" title=\"Pin it with Pinterest\" href=\"https:\/\/pinterest.com\/pin\/create\/button\/?url=https%3A%2F%2Fwww.dominicanproductsshop.com%2Fshop%2Fwp-json%2Fwp%2Fv2%2Fproduct%2F123365293664&#038;media=https%3A%2F%2Fi0.wp.com%2Fwww.dominicanproductsshop.com%2Fshop%2Fwp-content%2Fuploads%2F2022%2F09%2FScreenshot_1-11.png%3Ffit%3D1276%252C1192%26ssl%3D1&#038;description=Monte%20Real%20dominicana%20a%20tierra%20Caf%C3%A9%20Caf%C3%A9%20Org%C3%A1nico%201%20libras%20454%20Gramos%20Bolsa%20De%20Europa\" style=\"font-size: 0px;width:32px;height:32px;margin:0;margin-bottom:5px;margin-right:5px\"><img data-recalc-dims=\"1\" loading=\"lazy\" decoding=\"async\" alt=\"pinterest\" title=\"Pin it with Pinterest\" class=\"synved-share-image synved-social-image synved-social-image-share\" width=\"32\" height=\"32\" style=\"display: inline;width:32px;height:32px;margin: 0;padding: 0;border: none;box-shadow: none\" src=\"https:\/\/i0.wp.com\/www.dominicanproductsshop.com\/shop\/wp-content\/plugins\/social-media-feather\/synved-social\/image\/social\/regular\/64x64\/pinterest.png?resize=32%2C32&#038;ssl=1\" \/><\/a><a class=\"synved-social-button synved-social-button-share synved-social-size-32 synved-social-resolution-single synved-social-provider-linkedin nolightbox\" data-provider=\"linkedin\" target=\"_blank\" rel=\"nofollow\" title=\"Share on Linkedin\" href=\"https:\/\/www.linkedin.com\/shareArticle?mini=true&#038;url=https%3A%2F%2Fwww.dominicanproductsshop.com%2Fshop%2Fwp-json%2Fwp%2Fv2%2Fproduct%2F123365293664&#038;title=Monte%20Real%20dominicana%20a%20tierra%20Caf%C3%A9%20Caf%C3%A9%20Org%C3%A1nico%201%20libras%20454%20Gramos%20Bolsa%20De%20Europa\" style=\"font-size: 0px;width:32px;height:32px;margin:0;margin-bottom:5px;margin-right:5px\"><img data-recalc-dims=\"1\" loading=\"lazy\" decoding=\"async\" alt=\"linkedin\" title=\"Share on Linkedin\" class=\"synved-share-image synved-social-image synved-social-image-share\" width=\"32\" height=\"32\" style=\"display: inline;width:32px;height:32px;margin: 0;padding: 0;border: none;box-shadow: none\" src=\"https:\/\/i0.wp.com\/www.dominicanproductsshop.com\/shop\/wp-content\/plugins\/social-media-feather\/synved-social\/image\/social\/regular\/64x64\/linkedin.png?resize=32%2C32&#038;ssl=1\" \/><\/a><a class=\"synved-social-button synved-social-button-share synved-social-size-32 synved-social-resolution-single synved-social-provider-tumblr nolightbox\" data-provider=\"tumblr\" target=\"_blank\" rel=\"nofollow\" title=\"Share on tumblr\" href=\"https:\/\/tumblr.com\/share?s=&#038;v=3&#038;t=Monte%20Real%20dominicana%20a%20tierra%20Caf%C3%A9%20Caf%C3%A9%20Org%C3%A1nico%201%20libras%20454%20Gramos%20Bolsa%20De%20Europa&#038;u=https%3A%2F%2Fwww.dominicanproductsshop.com%2Fshop%2Fwp-json%2Fwp%2Fv2%2Fproduct%2F123365293664\" style=\"font-size: 0px;width:32px;height:32px;margin:0;margin-bottom:5px;margin-right:5px\"><img data-recalc-dims=\"1\" loading=\"lazy\" decoding=\"async\" alt=\"tumblr\" title=\"Share on tumblr\" class=\"synved-share-image synved-social-image synved-social-image-share\" width=\"32\" height=\"32\" style=\"display: inline;width:32px;height:32px;margin: 0;padding: 0;border: none;box-shadow: none\" src=\"https:\/\/i0.wp.com\/www.dominicanproductsshop.com\/shop\/wp-content\/plugins\/social-media-feather\/synved-social\/image\/social\/regular\/64x64\/tumblr.png?resize=32%2C32&#038;ssl=1\" \/><\/a><a class=\"synved-social-button synved-social-button-share synved-social-size-32 synved-social-resolution-single synved-social-provider-mail nolightbox\" data-provider=\"mail\" rel=\"nofollow\" title=\"Share by email\" href=\"mailto:?subject=Monte%20Real%20dominicana%20a%20tierra%20Caf%C3%A9%20Caf%C3%A9%20Org%C3%A1nico%201%20libras%20454%20Gramos%20Bolsa%20De%20Europa&#038;body=Hey%20check%20this%20out:%20https%3A%2F%2Fwww.dominicanproductsshop.com%2Fshop%2Fwp-json%2Fwp%2Fv2%2Fproduct%2F123365293664\" style=\"font-size: 0px;width:32px;height:32px;margin:0;margin-bottom:5px;margin-right:5px\"><img data-recalc-dims=\"1\" loading=\"lazy\" decoding=\"async\" alt=\"mail\" title=\"Share by email\" class=\"synved-share-image synved-social-image synved-social-image-share\" width=\"32\" height=\"32\" style=\"display: inline;width:32px;height:32px;margin: 0;padding: 0;border: none;box-shadow: none\" src=\"https:\/\/i0.wp.com\/www.dominicanproductsshop.com\/shop\/wp-content\/plugins\/social-media-feather\/synved-social\/image\/social\/regular\/64x64\/mail.png?resize=32%2C32&#038;ssl=1\" \/><\/a><a class=\"synved-social-credit\" target=\"_blank\" rel=\"nofollow\" title=\"WordPress Social Media Feather\" href=\"http:\/\/synved.com\/wordpress-social-media-feather\/\" style=\"color:#444;text-decoration:none;font-size:8px;margin-left:5px;vertical-align:10px;white-space:nowrap\"><span>by <\/span><img data-recalc-dims=\"1\" loading=\"lazy\" decoding=\"async\" style=\"display: inline;margin:0;padding:0;width:16px;height:16px\" width=\"16\" height=\"16\" alt=\"feather\" src=\"https:\/\/i0.wp.com\/www.dominicanproductsshop.com\/shop\/wp-content\/plugins\/social-media-feather\/synved-social\/image\/icon.png?resize=16%2C16&#038;ssl=1\" \/><\/a>","protected":false},"excerpt":{"rendered":"<p>WELCOME DEAR CUSTOMERS Monte Real coffee\u00a0is a combination of the best and selected Coffees Beans produced in the Dominican Republic. On the east side of Hispaniola island in the Caribbean Sea, on the slopes of Sierra Bahoruco (up to 1500 m height), about 250 kg of \u00abSanto Domingo Barahona AA\u00bb coffee per hectare (2471 acres) &#8230; <span class=\"more\"><a class=\"more-link\" href=\"https:\/\/www.dominicanproductsshop.com\/shop\/product\/monte-real-dominicana-a-tierra-cafe-cafe-organico-1-libras-454-gramos-bolsa-de-europa\/\">[Read more&#8230;]<\/a><\/span><\/p>\n","protected":false},"featured_media":123365293679,"comment_status":"open","ping_status":"closed","template":"","meta":{"jetpack_post_was_ever_published":false,"jetpack_publicize_message":"","jetpack_publicize_feature_enabled":true,"jetpack_social_post_already_shared":true,"jetpack_social_options":{"image_generator_settings":{"template":"highway","default_image_id":0,"font":"","enabled":false},"version":2}},"product_brand":[],"product_cat":[221],"product_tag":[],"woo-feed-brand":[],"class_list":{"0":"entry","1":"product","2":"publish","3":"author-admin","4":"post-123365293664","6":"has-post-thumbnail","7":"product_cat-monte-real","9":"first","10":"instock","11":"sale","12":"shipping-taxable","13":"purchasable","14":"product-type-simple"},"aioseo_notices":[],"jetpack_publicize_connections":[],"jetpack_sharing_enabled":true,"jetpack-related-posts":[],"jetpack_likes_enabled":true,"post_mailing_queue_ids":[],"_links":{"self":[{"href":"https:\/\/www.dominicanproductsshop.com\/shop\/wp-json\/wp\/v2\/product\/123365293664","targetHints":{"allow":["GET"]}}],"collection":[{"href":"https:\/\/www.dominicanproductsshop.com\/shop\/wp-json\/wp\/v2\/product"}],"about":[{"href":"https:\/\/www.dominicanproductsshop.com\/shop\/wp-json\/wp\/v2\/types\/product"}],"replies":[{"embeddable":true,"href":"https:\/\/www.dominicanproductsshop.com\/shop\/wp-json\/wp\/v2\/comments?post=123365293664"}],"wp:featuredmedia":[{"embeddable":true,"href":"https:\/\/www.dominicanproductsshop.com\/shop\/wp-json\/wp\/v2\/media\/123365293679"}],"wp:attachment":[{"href":"https:\/\/www.dominicanproductsshop.com\/shop\/wp-json\/wp\/v2\/media?parent=123365293664"}],"wp:term":[{"taxonomy":"product_brand","embeddable":true,"href":"https:\/\/www.dominicanproductsshop.com\/shop\/wp-json\/wp\/v2\/product_brand?post=123365293664"},{"taxonomy":"product_cat","embeddable":true,"href":"https:\/\/www.dominicanproductsshop.com\/shop\/wp-json\/wp\/v2\/product_cat?post=123365293664"},{"taxonomy":"product_tag","embeddable":true,"href":"https:\/\/www.dominicanproductsshop.com\/shop\/wp-json\/wp\/v2\/product_tag?post=123365293664"},{"taxonomy":"woo-feed-brand","embeddable":true,"href":"https:\/\/www.dominicanproductsshop.com\/shop\/wp-json\/wp\/v2\/woo-feed-brand?post=123365293664"}],"curies":[{"name":"wp","href":"https:\/\/api.w.org\/{rel}","templated":true}]}}